{"id":1204,"date":"2022-02-17T15:19:03","date_gmt":"2022-02-17T15:19:03","guid":{"rendered":"http:\/\/alvorferias.com\/alvorferias-alvor\/"},"modified":"2022-02-22T18:08:50","modified_gmt":"2022-02-22T18:08:50","slug":"alvorferias-alvor","status":"publish","type":"page","link":"https:\/\/alvorferias.com\/pt-pt\/alvorferias-alvor\/","title":{"rendered":"Alvorf\u00e9rias &#8211; Alvor"},"content":{"rendered":"\t\t<div data-elementor-type=\"wp-page\" data-elementor-id=\"1204\" class=\"elementor elementor-1204 elementor-479\">\n\t\t\t\t\t\t<div class=\"elementor-inner\">\n\t\t\t\t<div class=\"elementor-section-wrap\">\n\t\t\t\t\t\t\t\t\t<section class=\"elementor-section elementor-top-section elementor-element elementor-element-50c017ce elementor-section-full_width elementor-section-height-min-height elementor-section-height-default elementor-section-items-middle\" data-id=\"50c017ce\" data-element_type=\"section\" data-settings=\"{&quot;background_background&quot;:&quot;classic&quot;}\">\n\t\t\t\t\t\t\t<div class=\"elementor-background-overlay\"><\/div>\n\t\t\t\t\t\t\t<div class=\"elementor-container elementor-column-gap-default\">\n\t\t\t\t\t\t\t<div class=\"elementor-row\">\n\t\t\t\t\t<div class=\"elementor-column elementor-col-100 elementor-top-column elementor-element elementor-element-4cb1df7a\" data-id=\"4cb1df7a\" data-element_type=\"column\">\n\t\t\t<div class=\"elementor-column-wrap elementor-element-populated\">\n\t\t\t\t\t\t\t<div class=\"elementor-widget-wrap\">\n\t\t\t\t\t\t<div class=\"elementor-element elementor-element-26364dce elementor-widget elementor-widget-spacer\" data-id=\"26364dce\" data-element_type=\"widget\" data-widget_type=\"spacer.default\">\n\t\t\t\t<div class=\"elementor-widget-container\">\n\t\t\t\t\t<div class=\"elementor-spacer\">\n\t\t\t<div class=\"elementor-spacer-inner\"><\/div>\n\t\t<\/div>\n\t\t\t\t<\/div>\n\t\t\t\t<\/div>\n\t\t\t\t<div class=\"elementor-element elementor-element-5f7ae3d elementor-view-default elementor-position-top elementor-invisible elementor-widget elementor-widget-themo-header\" data-id=\"5f7ae3d\" data-element_type=\"widget\" data-settings=\"{&quot;_animation&quot;:&quot;fadeIn&quot;}\" data-widget_type=\"themo-header.default\">\n\t\t\t\t<div class=\"elementor-widget-container\">\n\t\t\t\t\t<div class=\"th-header-wrap\">\n        <div class=\"elementor-icon-box-wrapper \">\n                            <div class=\"elementor-icon-box-content\">\n                    <h1 class=\"elementor-icon-box-title\">\n                        Alvor                    <\/h1>\n                                        <p class=\"elementor-icon-box-description\">Entre Portim\u00e3o e Lagos<\/p>\n\n                                    <\/div>\n            <\/div>\n\n        <\/div>\n\n\t\t\t\t<\/div>\n\t\t\t\t<\/div>\n\t\t\t\t\t\t<\/div>\n\t\t\t\t\t<\/div>\n\t\t<\/div>\n\t\t\t\t\t\t\t\t<\/div>\n\t\t\t\t\t<\/div>\n\t\t<\/section>\n\t\t\t\t<section class=\"elementor-section elementor-top-section elementor-element elementor-element-178989d9 elementor-section-boxed elementor-section-height-default elementor-section-height-default\" data-id=\"178989d9\" data-element_type=\"section\">\n\t\t\t\t\t\t<div class=\"elementor-container elementor-column-gap-default\">\n\t\t\t\t\t\t\t<div class=\"elementor-row\">\n\t\t\t\t\t<div class=\"elementor-column elementor-col-100 elementor-top-column elementor-element elementor-element-2f9df1f1\" data-id=\"2f9df1f1\" data-element_type=\"column\">\n\t\t\t<div class=\"elementor-column-wrap elementor-element-populated\">\n\t\t\t\t\t\t\t<div class=\"elementor-widget-wrap\">\n\t\t\t\t\t\t<div class=\"elementor-element elementor-element-f415d19 elementor-view-default elementor-position-top elementor-widget elementor-widget-themo-header\" data-id=\"f415d19\" data-element_type=\"widget\" data-widget_type=\"themo-header.default\">\n\t\t\t\t<div class=\"elementor-widget-container\">\n\t\t\t\t\t<div class=\"th-header-wrap\">\n        <div class=\"elementor-icon-box-wrapper \">\n                            <div class=\"elementor-icon-box-content\">\n                    <h2 class=\"elementor-icon-box-title\">\n                        Sobre                    <\/h2>\n                                            <span class=\"th-header-divider\"><\/span>\n                                        <p class=\"elementor-icon-box-description\"><\/p>\n\n                                    <\/div>\n            <\/div>\n\n        <\/div>\n\n\t\t\t\t<\/div>\n\t\t\t\t<\/div>\n\t\t\t\t<div class=\"elementor-element elementor-element-332ba9d elementor-widget elementor-widget-text-editor\" data-id=\"332ba9d\" data-element_type=\"widget\" data-widget_type=\"text-editor.default\">\n\t\t\t\t<div class=\"elementor-widget-container\">\n\t\t\t\t\t\t\t\t<div class=\"elementor-text-editor elementor-clearfix\">\n\t\t\t\t<p>Alvor \u00e9 uma vila portuguesa que pertence ao concelho de Portim\u00e3o.<br \/>\nTem uma \u00e1rea de 15,25 km2 e 4.977 habitantes (2001). Densidade: 326,3 hab\/km2. \u00c9 um local de tradi\u00e7\u00f5es piscat\u00f3rias e mar\u00edtimas e de profundas cren\u00e7as religiosas com a sua igreja e entrada principal altamente decorada.<\/p>\n<p><\/p>\n<p>Actualmente as principais actividades econ\u00f3micas s\u00e3o a pesca tradicional, a restaura\u00e7\u00e3o, o com\u00e9rcio e o turismo. Alvor \u00e9 bem conhecida pelas suas praias e a vila situa-se perto da foz do rio. Atualmente a principal ind\u00fastria \u00e9 o turismo.<\/p>\n\t\t\t\t\t<\/div>\n\t\t\t\t\t\t<\/div>\n\t\t\t\t<\/div>\n\t\t\t\t<div class=\"elementor-element elementor-element-006b0a6 elementor-widget elementor-widget-spacer\" data-id=\"006b0a6\" data-element_type=\"widget\" data-widget_type=\"spacer.default\">\n\t\t\t\t<div class=\"elementor-widget-container\">\n\t\t\t\t\t<div class=\"elementor-spacer\">\n\t\t\t<div class=\"elementor-spacer-inner\"><\/div>\n\t\t<\/div>\n\t\t\t\t<\/div>\n\t\t\t\t<\/div>\n\t\t\t\t<div class=\"elementor-element elementor-element-a16e2cd elementor-view-default elementor-position-top elementor-widget elementor-widget-themo-header\" data-id=\"a16e2cd\" data-element_type=\"widget\" data-widget_type=\"themo-header.default\">\n\t\t\t\t<div class=\"elementor-widget-container\">\n\t\t\t\t\t<div class=\"th-header-wrap\">\n        <div class=\"elementor-icon-box-wrapper \">\n                            <div class=\"elementor-icon-box-content\">\n                    <h2 class=\"elementor-icon-box-title\">\n                        Vida Noturna                    <\/h2>\n                                            <span class=\"th-header-divider\"><\/span>\n                                        <p class=\"elementor-icon-box-description\"><\/p>\n\n                                    <\/div>\n            <\/div>\n\n        <\/div>\n\n\t\t\t\t<\/div>\n\t\t\t\t<\/div>\n\t\t\t\t<div class=\"elementor-element elementor-element-194c814 elementor-widget elementor-widget-text-editor\" data-id=\"194c814\" data-element_type=\"widget\" data-widget_type=\"text-editor.default\">\n\t\t\t\t<div class=\"elementor-widget-container\">\n\t\t\t\t\t\t\t\t<div class=\"elementor-text-editor elementor-clearfix\">\n\t\t\t\t<p>Para quem gosta de vida nocturna Alvor oferece algumas das noites mais excitantes do Algarve.<br \/>\nNossos visitantes gostam de passear pelas ruas repletas de restaurantes e bares em um ambiente seguro e agrad\u00e1vel<\/p>\n<p><\/p>\n<p>Actualmente as principais actividades econ\u00f3micas s\u00e3o a pesca tradicional, a restaura\u00e7\u00e3o, o com\u00e9rcio e o turismo. Alvor \u00e9 bem conhecida pelas suas praias e a vila situa-se perto da foz do rio. Atualmente a principal ind\u00fastria \u00e9 o turismo.<\/p>\n\t\t\t\t\t<\/div>\n\t\t\t\t\t\t<\/div>\n\t\t\t\t<\/div>\n\t\t\t\t<div class=\"elementor-element elementor-element-3a354a0 elementor-widget elementor-widget-spacer\" data-id=\"3a354a0\" data-element_type=\"widget\" data-widget_type=\"spacer.default\">\n\t\t\t\t<div class=\"elementor-widget-container\">\n\t\t\t\t\t<div class=\"elementor-spacer\">\n\t\t\t<div class=\"elementor-spacer-inner\"><\/div>\n\t\t<\/div>\n\t\t\t\t<\/div>\n\t\t\t\t<\/div>\n\t\t\t\t<div class=\"elementor-element elementor-element-0429272 elementor-view-default elementor-position-top elementor-widget elementor-widget-themo-header\" data-id=\"0429272\" data-element_type=\"widget\" data-widget_type=\"themo-header.default\">\n\t\t\t\t<div class=\"elementor-widget-container\">\n\t\t\t\t\t<div class=\"th-header-wrap\">\n        <div class=\"elementor-icon-box-wrapper \">\n                            <div class=\"elementor-icon-box-content\">\n                    <h2 class=\"elementor-icon-box-title\">\n                        Praia                    <\/h2>\n                                            <span class=\"th-header-divider\"><\/span>\n                                        <p class=\"elementor-icon-box-description\"><\/p>\n\n                                    <\/div>\n            <\/div>\n\n        <\/div>\n\n\t\t\t\t<\/div>\n\t\t\t\t<\/div>\n\t\t\t\t<div class=\"elementor-element elementor-element-48f8477 elementor-widget elementor-widget-text-editor\" data-id=\"48f8477\" data-element_type=\"widget\" data-widget_type=\"text-editor.default\">\n\t\t\t\t<div class=\"elementor-widget-container\">\n\t\t\t\t\t\t\t\t<div class=\"elementor-text-editor elementor-clearfix\">\n\t\t\t\t<p>A principal caracter\u00edstica desta praia \u00e9 separar o rio Alvor do Oceano Atl\u00e2ntico com uma lagoa fechada e canais de<br \/>\nagua. A longa faixa de areia permite aos veraneantes escolher o melhor local para tomar banho.<br \/>\nInstala\u00e7\u00f5es confort\u00e1veis \u200b\u200be f\u00e1cil estacionamento, grande diversidade de flora e fauna fazem da praia de Alvor uma das mais famosas do Algarve.<\/p>\n\t\t\t\t\t<\/div>\n\t\t\t\t\t\t<\/div>\n\t\t\t\t<\/div>\n\t\t\t\t<div class=\"elementor-element elementor-element-14e14f6 elementor-widget elementor-widget-spacer\" data-id=\"14e14f6\" data-element_type=\"widget\" data-widget_type=\"spacer.default\">\n\t\t\t\t<div class=\"elementor-widget-container\">\n\t\t\t\t\t<div class=\"elementor-spacer\">\n\t\t\t<div class=\"elementor-spacer-inner\"><\/div>\n\t\t<\/div>\n\t\t\t\t<\/div>\n\t\t\t\t<\/div>\n\t\t\t\t\t\t<\/div>\n\t\t\t\t\t<\/div>\n\t\t<\/div>\n\t\t\t\t\t\t\t\t<\/div>\n\t\t\t\t\t<\/div>\n\t\t<\/section>\n\t\t\t\t<section class=\"elementor-section elementor-top-section elementor-element elementor-element-26fdd7f2 elementor-section-boxed elementor-section-height-default elementor-section-height-default\" data-id=\"26fdd7f2\" data-element_type=\"section\" data-settings=\"{&quot;background_background&quot;:&quot;gradient&quot;}\">\n\t\t\t\t\t\t<div class=\"elementor-container elementor-column-gap-wider\">\n\t\t\t\t\t\t\t<div class=\"elementor-row\">\n\t\t\t\t\t<div class=\"elementor-column elementor-col-100 elementor-top-column elementor-element elementor-element-34bc764e\" data-id=\"34bc764e\" data-element_type=\"column\">\n\t\t\t<div class=\"elementor-column-wrap elementor-element-populated\">\n\t\t\t\t\t\t\t<div class=\"elementor-widget-wrap\">\n\t\t\t\t\t\t<div class=\"elementor-element elementor-element-aaf34be elementor-widget elementor-widget-themo-testimonial\" data-id=\"aaf34be\" data-element_type=\"widget\" data-widget_type=\"themo-testimonial.default\">\n\t\t\t\t<div class=\"elementor-widget-container\">\n\t\t\t        \n\t\t<div class=\"elementor-testimonial-wrapper th-testimonial-w th-txt-md elementor-testimonial-text-align-center\">\n\n            \n\t\t\t\t\t\t\t<div class=\"elementor-testimonial-content\">O apartamento era grande, muito limpo e tinha tudo o que precis\u00e1vamos para a nossa estadia. A equipe do hotel foi amig\u00e1vel, acolhedora e feliz em ajudar com quaisquer perguntas. A piscina \u00e9 excepcionalmente limpa e bem conservada com espregui\u00e7adeiras suficientes para dar a volta, embora eu imagine que poderia ser dif\u00edcil nos hor\u00e1rios de pico.<\/div>\n\t\t\t\n            <div class=\"th-star-rating th-star-40\">\n<span class=\"th-star-1 fa\"><\/span>\n<span class=\"th-star-2 fa\"><\/span>\n<span class=\"th-star-3 fa\"><\/span>\n<span class=\"th-star-4 fa\"><\/span>\n<span class=\"th-star-5 fa\"><\/span>\n<\/div>\n\t\t\t\n                    <div class=\"elementor-testimonial-meta\">\n\n\t\t\t\t<div class=\"elementor-testimonial-meta-inner\">\n                    \n\t\t\t\t\t\t\t\t\t\t<div class=\"elementor-testimonial-details\">\n\t\t\t\t\t\t\t\t\t\t\t\t\t<div class=\"elementor-testimonial-name\">1204dawn<\/div>\n\t\t\t\t\t\t\n\t\t\t\t\t\t\t\t\t\t\t<\/div>\n\t\t\t\t\t\t\t\t\t<\/div>\n\t\t\t<\/div>\n\t\t\t\t\t<\/div>\n\t\t\t<\/div>\n\t\t\t\t<\/div>\n\t\t\t\t\t\t<\/div>\n\t\t\t\t\t<\/div>\n\t\t<\/div>\n\t\t\t\t\t\t\t\t<\/div>\n\t\t\t\t\t<\/div>\n\t\t<\/section>\n\t\t\t\t<section class=\"elementor-section elementor-top-section elementor-element elementor-element-176d0273 elementor-section-boxed elementor-section-height-default elementor-section-height-default\" data-id=\"176d0273\" data-element_type=\"section\" data-settings=\"{&quot;background_background&quot;:&quot;classic&quot;}\">\n\t\t\t\t\t\t<div class=\"elementor-container elementor-column-gap-default\">\n\t\t\t\t\t\t\t<div class=\"elementor-row\">\n\t\t\t\t\t<div class=\"elementor-column elementor-col-100 elementor-top-column elementor-element elementor-element-a5bda55\" data-id=\"a5bda55\" data-element_type=\"column\">\n\t\t\t<div class=\"elementor-column-wrap elementor-element-populated\">\n\t\t\t\t\t\t\t<div class=\"elementor-widget-wrap\">\n\t\t\t\t\t\t<section class=\"elementor-section elementor-inner-section elementor-element elementor-element-36ec38a6 elementor-section-boxed elementor-section-height-default elementor-section-height-default\" data-id=\"36ec38a6\" data-element_type=\"section\">\n\t\t\t\t\t\t<div class=\"elementor-container elementor-column-gap-default\">\n\t\t\t\t\t\t\t<div class=\"elementor-row\">\n\t\t\t\t\t<div class=\"elementor-column elementor-col-100 elementor-inner-column elementor-element elementor-element-673010e6\" data-id=\"673010e6\" data-element_type=\"column\">\n\t\t\t<div class=\"elementor-column-wrap elementor-element-populated\">\n\t\t\t\t\t\t\t<div class=\"elementor-widget-wrap\">\n\t\t\t\t\t\t<div class=\"elementor-element elementor-element-861c527 elementor-widget elementor-widget-heading\" data-id=\"861c527\" data-element_type=\"widget\" data-widget_type=\"heading.default\">\n\t\t\t\t<div class=\"elementor-widget-container\">\n\t\t\t<h4 class=\"elementor-heading-title elementor-size-default\">Ver mais no tripadvisor<\/h4>\t\t<\/div>\n\t\t\t\t<\/div>\n\t\t\t\t<div class=\"elementor-element elementor-element-7e3e2792 elementor-widget elementor-widget-image\" data-id=\"7e3e2792\" data-element_type=\"widget\" data-widget_type=\"image.default\">\n\t\t\t\t<div class=\"elementor-widget-container\">\n\t\t\t\t\t\t\t\t<div class=\"elementor-image\">\n\t\t\t\t\t\t\t\t\t\t\t\t\t<a href=\"https:\/\/www.tripadvisor.pt\/Hotel_Review-g642199-d499071-Reviews-Alvorferias_Club-Alvor_Portimao_Faro_District_Algarve.html\">\n\t\t\t\t\t\t\t<img data-rjs=\"2\" width=\"150\" height=\"80\" src=\"https:\/\/alvorferias.com\/wp-content\/uploads\/2017\/12\/brands-tripadvisor-70-1.png\" class=\"attachment-th_img_xs size-th_img_xs wp-image-1015\" alt=\"\" loading=\"lazy\" \/>\t\t\t\t\t\t\t\t<\/a>\n\t\t\t\t\t\t\t\t\t\t\t\t\t\t<\/div>\n\t\t\t\t\t\t<\/div>\n\t\t\t\t<\/div>\n\t\t\t\t\t\t<\/div>\n\t\t\t\t\t<\/div>\n\t\t<\/div>\n\t\t\t\t\t\t\t\t<\/div>\n\t\t\t\t\t<\/div>\n\t\t<\/section>\n\t\t\t\t\t\t<\/div>\n\t\t\t\t\t<\/div>\n\t\t<\/div>\n\t\t\t\t\t\t\t\t<\/div>\n\t\t\t\t\t<\/div>\n\t\t<\/section>\n\t\t\t\t<section class=\"elementor-section elementor-top-section elementor-element elementor-element-18ae0b1e elementor-section-boxed elementor-section-height-default elementor-section-height-default\" data-id=\"18ae0b1e\" data-element_type=\"section\">\n\t\t\t\t\t\t<div class=\"elementor-container elementor-column-gap-default\">\n\t\t\t\t\t\t\t<div class=\"elementor-row\">\n\t\t\t\t\t<div class=\"elementor-column elementor-col-100 elementor-top-column elementor-element elementor-element-4b337875\" data-id=\"4b337875\" data-element_type=\"column\">\n\t\t\t<div class=\"elementor-column-wrap elementor-element-populated\">\n\t\t\t\t\t\t\t<div class=\"elementor-widget-wrap\">\n\t\t\t\t\t\t<div class=\"elementor-element elementor-element-6c01981d elementor-widget elementor-widget-heading\" data-id=\"6c01981d\" data-element_type=\"widget\" data-widget_type=\"heading.default\">\n\t\t\t\t<div class=\"elementor-widget-container\">\n\t\t\t<h2 class=\"elementor-heading-title elementor-size-default\">A NOSSA <span style=\"color:#2c9bd8;\">LOCALIZA\u00c7\u00c3O<\/span><\/h2>\t\t<\/div>\n\t\t\t\t<\/div>\n\t\t\t\t\t\t<\/div>\n\t\t\t\t\t<\/div>\n\t\t<\/div>\n\t\t\t\t\t\t\t\t<\/div>\n\t\t\t\t\t<\/div>\n\t\t<\/section>\n\t\t\t\t<section class=\"elementor-section elementor-top-section elementor-element elementor-element-1b47c23e elementor-section-boxed elementor-section-height-default elementor-section-height-default\" data-id=\"1b47c23e\" data-element_type=\"section\">\n\t\t\t\t\t\t<div class=\"elementor-container elementor-column-gap-default\">\n\t\t\t\t\t\t\t<div class=\"elementor-row\">\n\t\t\t\t\t<div class=\"elementor-column elementor-col-100 elementor-top-column elementor-element elementor-element-615167e9\" data-id=\"615167e9\" data-element_type=\"column\">\n\t\t\t<div class=\"elementor-column-wrap elementor-element-populated\">\n\t\t\t\t\t\t\t<div class=\"elementor-widget-wrap\">\n\t\t\t\t\t\t<div class=\"elementor-element elementor-element-7a02e4e6 elementor-widget elementor-widget-google_maps\" data-id=\"7a02e4e6\" data-element_type=\"widget\" data-widget_type=\"google_maps.default\">\n\t\t\t\t<div class=\"elementor-widget-container\">\n\t\t\t\t\t<div class=\"elementor-custom-embed\">\n\t\t\t<iframe loading=\"lazy\"\n\t\t\t\t\tsrc=\"https:\/\/maps.google.com\/maps?q=Clube%20Alvorf%C3%A9rias%20-%20Apartamentos%20Tur%C3%ADsticos&#038;t=m&#038;z=12&#038;output=embed&#038;iwloc=near\"\n\t\t\t\t\ttitle=\"Clube Alvorf\u00e9rias - Apartamentos Tur\u00edsticos\"\n\t\t\t\t\taria-label=\"Clube Alvorf\u00e9rias - Apartamentos Tur\u00edsticos\"\n\t\t\t><\/iframe>\n\t\t<\/div>\n\t\t\t\t<\/div>\n\t\t\t\t<\/div>\n\t\t\t\t\t\t<\/div>\n\t\t\t\t\t<\/div>\n\t\t<\/div>\n\t\t\t\t\t\t\t\t<\/div>\n\t\t\t\t\t<\/div>\n\t\t<\/section>\n\t\t\t\t\t\t\t\t\t<\/div>\n\t\t\t<\/div>\n\t\t\t\t\t<\/div>\n\t\t","protected":false},"excerpt":{"rendered":"<p>Alvor Entre Portim\u00e3o e Lagos Sobre Alvor \u00e9 uma vila portuguesa que pertence ao concelho de Portim\u00e3o. Tem uma \u00e1rea de 15,25 km2 e 4.977 habitantes (2001). Densidade: 326,3 hab\/km2. \u00c9 um local de tradi\u00e7\u00f5es piscat\u00f3rias e mar\u00edtimas e de &hellip; <a href=\"https:\/\/alvorferias.com\/pt-pt\/alvorferias-alvor\/\">Read More<\/a><\/p>\n","protected":false},"author":1,"featured_media":0,"parent":0,"menu_order":6,"comment_status":"closed","ping_status":"closed","template":"","meta":[],"_links":{"self":[{"href":"https:\/\/alvorferias.com\/pt-pt\/wp-json\/wp\/v2\/pages\/1204"}],"collection":[{"href":"https:\/\/alvorferias.com\/pt-pt\/wp-json\/wp\/v2\/pages"}],"about":[{"href":"https:\/\/alvorferias.com\/pt-pt\/wp-json\/wp\/v2\/types\/page"}],"author":[{"embeddable":true,"href":"https:\/\/alvorferias.com\/pt-pt\/wp-json\/wp\/v2\/users\/1"}],"replies":[{"embeddable":true,"href":"https:\/\/alvorferias.com\/pt-pt\/wp-json\/wp\/v2\/comments?post=1204"}],"version-history":[{"count":2,"href":"https:\/\/alvorferias.com\/pt-pt\/wp-json\/wp\/v2\/pages\/1204\/revisions"}],"predecessor-version":[{"id":1242,"href":"https:\/\/alvorferias.com\/pt-pt\/wp-json\/wp\/v2\/pages\/1204\/revisions\/1242"}],"wp:attachment":[{"href":"https:\/\/alvorferias.com\/pt-pt\/wp-json\/wp\/v2\/media?parent=1204"}],"curies":[{"name":"wp","href":"https:\/\/api.w.org\/{rel}","templated":true}]}}