{"id":1208,"date":"2022-02-14T10:06:05","date_gmt":"2022-02-14T10:06:05","guid":{"rendered":"http:\/\/alvorferias.com\/privacy-policy\/"},"modified":"2022-02-22T21:09:50","modified_gmt":"2022-02-22T21:09:50","slug":"politica-de-privacidade","status":"publish","type":"page","link":"https:\/\/alvorferias.com\/pt-pt\/politica-de-privacidade\/","title":{"rendered":"Alvorf\u00e9rias &#8211; Pol\u00edtica de Privacidade"},"content":{"rendered":"\n<h2>Considera\u00e7\u00f5es Gerais<\/h2>\n\n<p><strong>Turalvor, Lda.<\/strong> (adiante designada por <strong>Clube Alvor F\u00e9rias<\/strong>), contribuinte n\u00ba 501 577 602, estabelecida em: <strong>Clube Alvor F\u00e9rias<\/strong>, Galo Loiro, Lote 4, 8500-032 Alvor PORTIM\u00c3O, \u00e9 a empresa propriet\u00e1ria do s\u00edtio na Internet sob o dom\u00ednio www.alvorferias.com, destinado \u00e0 apresenta\u00e7\u00e3o da sua marca, comunica\u00e7\u00e3o dos seus servi\u00e7os, portf\u00f3lio e forma de contacto.<strong>Turalvor, Lda.<\/strong> (adiante designada por <strong>Clube Alvor F\u00e9rias<\/strong>), contribuinte n\u00ba 501 577 602, estabelecida em: <strong>Clube Alvor F\u00e9rias<\/strong>, Galo Loiro, Lote 4, 8500-032 Alvor PORTIM\u00c3O, \u00e9 a empresa propriet\u00e1ria do s\u00edtio na Internet sob o dom\u00ednio www.alvorferias.com, destinado \u00e0 apresenta\u00e7\u00e3o da sua marca, comunica\u00e7\u00e3o dos seus servi\u00e7os, portf\u00f3lio e forma de contacto.<\/p>\n\n<p>A sua privacidade \u00e9 muito importante para o <strong>Clube Alvor F\u00e9rias<\/strong>. Respeitamo-la e estamos empenhados em proteg\u00ea-la.<\/p>\n\n<p>O <strong>Clube Alvor F\u00e9rias<\/strong> compromete-se sempre a respeitar e a cumprir o previsto na legisla\u00e7\u00e3o nacional e europeia que rege o tratamento de dados pessoais e, por consequ\u00eancia, \u00e0 defesa e prote\u00e7\u00e3o da privacidade, nomeadamente:<\/p>\n\n<ul><li>Lei de Prote\u00e7\u00e3o de Dados Pessoais \u2014 Lei n.\u00ba 67\/98, de 26 de outubro<\/li><li>Regulamento Geral sobre a Prote\u00e7\u00e3o de Dados \u2014 Regulamento (UE) 2016\/679 do Parlamento Europeu e do Conselho, de 27 de abril<\/li><\/ul>\n\n<p>O <strong>Clube Alvor F\u00e9rias<\/strong> advoga tamb\u00e9m todas e quaisquer outras normativas que permitam o estrito cumprimento do tema em quest\u00e3o.<\/p>\n\n<p>Os presentes termos e condi\u00e7\u00f5es e pol\u00edtica de privacidade respeitam ao s\u00edtio na Internet supracitado, dando a conhecer aos titulares dos dados a forma de tratamento dos mesmos.<\/p>\n\n<p>A utiliza\u00e7\u00e3o deste site implica a aceita\u00e7\u00e3o da presente Pol\u00edtica de Privacidade. Caso discorde da mesma, queira por favor abandonar, neste momento, a sua visita.<\/p>\n\n<h2>Confidencialidade dos Dados<\/h2>\n\n<p>Os Dados Pessoais recolhidos e tratados consistem essencialmente em informa\u00e7\u00e3o relativa ao <strong>nome<\/strong> (<strong>nome pr\u00f3prio e apelido<\/strong>), <strong>telefone<\/strong>, <strong>telem\u00f3vel<\/strong>, <strong>email<\/strong>, <strong>morada<\/strong> <strong>completa<\/strong> (<strong>rua<\/strong>, <strong>cidade<\/strong>, <strong>c\u00f3digo postal<\/strong>), <strong>pa\u00eds de resid\u00eancia<\/strong>, <strong>n\u00famero de identifica\u00e7\u00e3o fiscal<\/strong>, <strong>dados do cart\u00e3o de cr\u00e9dito<\/strong> (recolhidos apenas para efeitos de confirma\u00e7\u00e3o de reserva, contacto com o cliente e fatura\u00e7\u00e3o), embora possam vir a ser recolhidos outros Dados Pessoais que possam ser necess\u00e1rios ou convenientes para a presta\u00e7\u00e3o ou cobran\u00e7a de Servi\u00e7os por parte do <strong>Clube Alvor F\u00e9rias<\/strong>, bem como dados t\u00e9cnicos autom\u00e1ticos provenientes de cookies, conforme abaixo descrito. No caso de subscri\u00e7\u00e3o da newsletter, apenas \u00e9 recolhido o endere\u00e7o de email. De igual modo, por sua pr\u00f3pria iniciativa, quando entrar em contacto connosco por email, telefone, carta ou presencialmente pelas formas descritas na nossa p\u00e1gina de contactos do nosso s\u00edtio, poder\u00e3o ser solicitadas informa\u00e7\u00f5es referentes a email, telefone e outros dados que possam ser importantes para o acompanhamento do (potencial) cliente. As informa\u00e7\u00f5es ser\u00e3o somente utilizadas pelo <strong>Clube Alvor F\u00e9rias<\/strong> para os prop\u00f3sitos em quest\u00e3o.<\/p>\n\n<p>Sempre que visita o nosso site, \u00e9 instalado um cookie no seu computador ou outro dispositivo que o aceda. Um cookie \u00e9 um ficheiro de texto que um site envia para o software do seu browser. Os cookies permitem que um site personalize as informa\u00e7\u00f5es que lhe s\u00e3o apresentadas, com base nas suas prefer\u00eancias de navega\u00e7\u00e3o. Poder\u00e1 optar por n\u00e3o receber cookies no seu browser, acedendo \u00e0s configura\u00e7\u00f5es do mesmo.<\/p>\n\n<p>O <strong>Clube Alvor F\u00e9rias<\/strong> tamb\u00e9m utiliza cookies para rastrear as visitas ao nosso site. As informa\u00e7\u00f5es recolhidas ajudam-nos a optimizar o conte\u00fado, navega\u00e7\u00e3o, layout e desempenho do site, para que possamos proporcionar um melhor servi\u00e7o.<\/p>\n\n<p>N\u00e3o facultamos a terceiros, sob circunst\u00e2ncia alguma, as suas informa\u00e7\u00f5es pessoais, sem previamente o informarmos, e sempre em conformidade com a legisla\u00e7\u00e3o atualmente em vigor relativa \u00e0 protec\u00e7\u00e3o das informa\u00e7\u00f5es pessoais.<\/p>\n\n<p>As suas informa\u00e7\u00f5es pessoais poder\u00e3o ser transmitidas a fornecedores externos subcontratados para determinados servi\u00e7os, aos quais exigimos que as mantenham igualmente confidenciais.<\/p>\n\n<h2>Respons\u00e1vel pelo tratamento de dados<\/h2>\n\n<p>O <strong>Clube Alvor F\u00e9rias<\/strong> \u00e9 a entidade respons\u00e1vel pelo rece\u00e7\u00e3o e tratamento dos dados pessoais, selecionando que dados s\u00e3o recolhidos (via cookies), as formas de tratamento dos mesmos e o prop\u00f3sito da sua utiliza\u00e7\u00e3o.<\/p>\n\n<h2>Controlo sobre os seus dados e esquecimento<\/h2>\n\n<p>O <strong>Clube Alvor F\u00e9rias<\/strong> faculta a todos os clientes a possibilidade de rever, alterar, anular ou eliminar os seus dados pessoais. Para tal, basta contactar-nos por email pelo seguinte endere\u00e7o privacidade@alvorferias.pt e sugerir a altera\u00e7\u00e3o desejada. O <strong>Clube Alvor F\u00e9rias<\/strong> dar\u00e1 resposta a todos os pedidos no menor curto de espa\u00e7o tempo poss\u00edvel.<\/p>\n\n<h2>Tempo de Armazenamento<\/h2>\n\n<p>O <strong>Clube Alvor F\u00e9rias<\/strong> guarda os dados at\u00e9 ao m\u00e1ximo de dois anos. Ap\u00f3s este per\u00edodo, os mesmos ser\u00e3o eliminados, exceto os que ter\u00e3o que ser mantidos para cumprir as obriga\u00e7\u00f5es legais do <strong>Clube Alvor F\u00e9rias<\/strong>, e somente pelo per\u00edodo de tempo necess\u00e1rio, ap\u00f3s o qual ser\u00e3o exclu\u00eddos.<\/p>\n\n<h2>Formas de contacto com o cliente<\/h2>\n\n<p>A sua opini\u00e3o \u00e9 importante para n\u00f3s. Poder\u00e1 ser contactado quando nos coloca alguma quest\u00e3o ou solicita algum esclarecimento utilizando o nosso endere\u00e7o de email. Esse contacto poder\u00e1 dar-se por email, por telefone ou atrav\u00e9s de reuni\u00e3o presencial.<\/p>\n\n<h2>Links a Sites Terceiros<\/h2>\n\n<p>N\u00e3o inclu\u00edmos hiperliga\u00e7\u00f5es para sites de terceiros.<\/p>\n\n<h2>Altera\u00e7\u00f5es \u00e0 Pol\u00edtica de Privacidade<\/h2>\n\n<p>Quaisquer mudan\u00e7as realizadas na Pol\u00edtica de Privacidade do <strong>Clube Alvor F\u00e9rias<\/strong> ser\u00e3o descriminadas nesta p\u00e1gina.<\/p>\n\n<h2>Comiss\u00e3o Nacional de Prote\u00e7\u00e3o de Dados (CNPD)<\/h2>\n\n<p>A CNPD \u00e9 a Autoridade Nacional de Controlo de Dados Pessoais, tendo \u201c[\u2026] como atribui\u00e7\u00e3o gen\u00e9rica controlar e fiscalizar o processamento de dados pessoais, em rigoroso respeito pelos direitos do homem e pelas liberdades e garantias consagradas na Constitui\u00e7\u00e3o e na lei.\u201d Fonte: <a href=\"https:\/\/www.cnpd.pt\/bin\/cnpd\/acnpd.htm\">https:\/\/www.cnpd.pt\/bin\/cnpd\/acnpd.htm<\/a>. Saiba que dever\u00e1 recorrer \u00e0 CNPD para qualquer reclama\u00e7\u00e3o referente \u00e0 utiliza\u00e7\u00e3o dos seus dados pessoais.<\/p>\n\n<h2>Contactos<\/h2>\n\n<p>Para quaisquer quest\u00f5es relativas a esta <strong>Pol\u00edtica de Privacidade<\/strong> e assuntos relacionados, ou para efetuar uma reclama\u00e7\u00e3o, \u00e9 favor contactar:<\/p>\n\n<p>A\/c Departamento de Privacidade<br\/>Turalvor, Lda<br\/>Clube Alvor F\u00e9rias, Galo Loiro, Lote 4<br\/>8500-032 Alvor Portim\u00e3o<br\/>tel.: <a href=\"tel:00351282430360\">+351 282 430 360<\/a><br\/>email: <a href=\"mailto:privacidade@alvorferias.com\">privacidade@alvorferias.com<\/a><\/p>\n","protected":false},"excerpt":{"rendered":"<p>Considera\u00e7\u00f5es Gerais Turalvor, Lda. (adiante designada por Clube Alvor F\u00e9rias), contribuinte n\u00ba 501 577 602, estabelecida em: Clube Alvor F\u00e9rias, Galo Loiro, Lote 4, 8500-032 Alvor PORTIM\u00c3O, \u00e9 a empresa propriet\u00e1ria do s\u00edtio na Internet sob o dom\u00ednio www.alvorferias.com, destinado &hellip; <a href=\"https:\/\/alvorferias.com\/pt-pt\/politica-de-privacidade\/\">Read More<\/a><\/p>\n","protected":false},"author":1,"featured_media":0,"parent":0,"menu_order":10,"comment_status":"closed","ping_status":"closed","template":"","meta":[],"_links":{"self":[{"href":"https:\/\/alvorferias.com\/pt-pt\/wp-json\/wp\/v2\/pages\/1208"}],"collection":[{"href":"https:\/\/alvorferias.com\/pt-pt\/wp-json\/wp\/v2\/pages"}],"about":[{"href":"https:\/\/alvorferias.com\/pt-pt\/wp-json\/wp\/v2\/types\/page"}],"author":[{"embeddable":true,"href":"https:\/\/alvorferias.com\/pt-pt\/wp-json\/wp\/v2\/users\/1"}],"replies":[{"embeddable":true,"href":"https:\/\/alvorferias.com\/pt-pt\/wp-json\/wp\/v2\/comments?post=1208"}],"version-history":[{"count":2,"href":"https:\/\/alvorferias.com\/pt-pt\/wp-json\/wp\/v2\/pages\/1208\/revisions"}],"predecessor-version":[{"id":1250,"href":"https:\/\/alvorferias.com\/pt-pt\/wp-json\/wp\/v2\/pages\/1208\/revisions\/1250"}],"wp:attachment":[{"href":"https:\/\/alvorferias.com\/pt-pt\/wp-json\/wp\/v2\/media?parent=1208"}],"curies":[{"name":"wp","href":"https:\/\/api.w.org\/{rel}","templated":true}]}}