{"id":1210,"date":"2019-05-01T19:39:59","date_gmt":"2019-05-01T18:39:59","guid":{"rendered":"http:\/\/alvorferias.com\/search-results\/"},"modified":"2022-02-22T21:10:12","modified_gmt":"2022-02-22T21:10:12","slug":"alvorferias-resultados-da-pesquisa","status":"publish","type":"page","link":"https:\/\/alvorferias.com\/pt-pt\/alvorferias-resultados-da-pesquisa\/","title":{"rendered":"Alvorf\u00e9rias &#8211; Resultados da Pesquisa"},"content":{"rendered":"\t\t<div data-elementor-type=\"wp-post\" data-elementor-id=\"1210\" class=\"elementor elementor-1210 elementor-50\">\n\t\t\t\t\t\t<div class=\"elementor-inner\">\n\t\t\t\t<div class=\"elementor-section-wrap\">\n\t\t\t\t\t\t\t\t\t<section class=\"elementor-section elementor-top-section elementor-element elementor-element-558477f6 elementor-section-height-min-height elementor-section-boxed elementor-section-height-default elementor-section-items-middle\" data-id=\"558477f6\" data-element_type=\"section\" data-settings=\"{&quot;background_background&quot;:&quot;classic&quot;}\">\n\t\t\t\t\t\t\t<div class=\"elementor-background-overlay\"><\/div>\n\t\t\t\t\t\t\t<div class=\"elementor-container elementor-column-gap-default\">\n\t\t\t\t\t\t\t<div class=\"elementor-row\">\n\t\t\t\t\t<div class=\"elementor-column elementor-col-100 elementor-top-column elementor-element elementor-element-483bc1c\" data-id=\"483bc1c\" data-element_type=\"column\">\n\t\t\t<div class=\"elementor-column-wrap elementor-element-populated\">\n\t\t\t\t\t\t\t<div class=\"elementor-widget-wrap\">\n\t\t\t\t\t\t<div class=\"elementor-element elementor-element-518ff1c8 elementor-widget elementor-widget-spacer\" data-id=\"518ff1c8\" data-element_type=\"widget\" data-widget_type=\"spacer.default\">\n\t\t\t\t<div class=\"elementor-widget-container\">\n\t\t\t\t\t<div class=\"elementor-spacer\">\n\t\t\t<div class=\"elementor-spacer-inner\"><\/div>\n\t\t<\/div>\n\t\t\t\t<\/div>\n\t\t\t\t<\/div>\n\t\t\t\t<div class=\"elementor-element elementor-element-7719fb39 elementor-view-default elementor-position-top elementor-widget elementor-widget-themo-header\" data-id=\"7719fb39\" data-element_type=\"widget\" data-widget_type=\"themo-header.default\">\n\t\t\t\t<div class=\"elementor-widget-container\">\n\t\t\t\t\t<div class=\"th-header-wrap\">\n        <div class=\"elementor-icon-box-wrapper \">\n                            <div class=\"elementor-icon-box-content\">\n                    <h1 class=\"elementor-icon-box-title\">\n                        Pesquisa de Disponibilidade                    <\/h1>\n                                        <p class=\"elementor-icon-box-description\"><\/p>\n\n                                    <\/div>\n            <\/div>\n\n        <\/div>\n\n\t\t\t\t<\/div>\n\t\t\t\t<\/div>\n\t\t\t\t\t\t<\/div>\n\t\t\t\t\t<\/div>\n\t\t<\/div>\n\t\t\t\t\t\t\t\t<\/div>\n\t\t\t\t\t<\/div>\n\t\t<\/section>\n\t\t\t\t<section class=\"elementor-section elementor-top-section elementor-element elementor-element-4f639bb4 elementor-section-boxed elementor-section-height-default elementor-section-height-default\" data-id=\"4f639bb4\" data-element_type=\"section\" data-settings=\"{&quot;background_background&quot;:&quot;classic&quot;}\">\n\t\t\t\t\t\t<div class=\"elementor-container elementor-column-gap-no\">\n\t\t\t\t\t\t\t<div class=\"elementor-row\">\n\t\t\t\t\t<div class=\"elementor-column elementor-col-66 elementor-top-column elementor-element elementor-element-2c2f5\" data-id=\"2c2f5\" data-element_type=\"column\" data-settings=\"{&quot;background_background&quot;:&quot;classic&quot;}\">\n\t\t\t<div class=\"elementor-column-wrap elementor-element-populated\">\n\t\t\t\t\t\t\t<div class=\"elementor-widget-wrap\">\n\t\t\t\t\t\t<div class=\"elementor-element elementor-element-1ce1bdb2 elementor-widget elementor-widget-themo-mphb-search-results\" data-id=\"1ce1bdb2\" data-element_type=\"widget\" data-widget_type=\"themo-mphb-search-results.default\">\n\t\t\t\t<div class=\"elementor-widget-container\">\n\t\t\t            <div >\n                <div class=\"mphb_sc_search_results-wrapper frm_forms with_frm_style \"><div class=\"mphb-errors-wrapper\">\n\t<\/div>\n\n<\/div>            <\/div>\n            \t\t<\/div>\n\t\t\t\t<\/div>\n\t\t\t\t\t\t<\/div>\n\t\t\t\t\t<\/div>\n\t\t<\/div>\n\t\t\t\t<div class=\"elementor-column elementor-col-33 elementor-top-column elementor-element elementor-element-5b0dd6c2\" data-id=\"5b0dd6c2\" data-element_type=\"column\" data-settings=\"{&quot;background_background&quot;:&quot;classic&quot;}\">\n\t\t\t<div class=\"elementor-column-wrap elementor-element-populated\">\n\t\t\t\t\t\t\t<div class=\"elementor-widget-wrap\">\n\t\t\t\t\t\t<section class=\"elementor-section elementor-inner-section elementor-element elementor-element-15c6b5f8 elementor-section-full_width elementor-section-height-default elementor-section-height-default\" data-id=\"15c6b5f8\" data-element_type=\"section\" data-settings=\"{&quot;background_background&quot;:&quot;classic&quot;}\">\n\t\t\t\t\t\t<div class=\"elementor-container elementor-column-gap-no\">\n\t\t\t\t\t\t\t<div class=\"elementor-row\">\n\t\t\t\t\t<div class=\"elementor-column elementor-col-100 elementor-inner-column elementor-element elementor-element-4d02fbc5\" data-id=\"4d02fbc5\" data-element_type=\"column\" data-settings=\"{&quot;background_background&quot;:&quot;classic&quot;}\">\n\t\t\t<div class=\"elementor-column-wrap elementor-element-populated\">\n\t\t\t\t\t\t\t<div class=\"elementor-widget-wrap\">\n\t\t\t\t<!-- Themovaiton Sidebar Wrap before --><div class=\"sidebar th-widget-area th-sidebar-widget\">\t\t<div class=\"elementor-element elementor-element-fa0d880 elementor-widget elementor-widget-sidebar\" data-id=\"fa0d880\" data-element_type=\"widget\" data-widget_type=\"sidebar.default\">\n\t\t\t\t<div class=\"elementor-widget-container\">\n\t\t\t\n\t\t\t\t<section class=\"widget widget-th-contact-info\">\n\t\t\t<div class=\"widget-inner\">\n\t\t\t\t\t\t\t\t\t<h3 class=\"widget-title\">Quest\u00f5es Sobre Reservas?<\/h3>\n\t\t\t\t\t\t\t\t<div class=\"th-contact-info-widget\">\n\t\t\t\t\t<div class='icon-blocks'><div class=\"icon-block\"><p><a target='_blank' href='tel:00351282430360'><i class='fa fa-mobile'><\/i><span>(+351) 282 430 360 (national landline call)<\/span><\/a><\/p><\/div><div class=\"icon-block\"><p><a target='_blank' href='mailto:info@alvorferias.com'><i class='fa fa-envelope-open-o'><\/i><span>info@alvorferias.com<\/span><\/a><\/p><\/div><div class=\"icon-block\"><p><a  href='https:\/\/goo.gl\/maps\/4gAkSHve1kWM1scQ6'><i class='fa fa-map-o'><\/i><span>Google Maps Link<\/span><\/a><\/p><\/div><\/div>\t\t\t\t<\/div>\n\t\t\t<\/div>\n\t\t<\/section>\n\n\t\t<section class=\"widget text-7 widget_text\"><div class=\"widget-inner\"><h3 class=\"widget-title\">Limite de Idade das Crian\u00e7as<\/h3>\t\t\t<div class=\"textwidget\"><p>\u00c9 considerada crian\u00e7a, a pessoa que tiver at\u00e9 12 anos (inclusiv\u00e9), at\u00e9 \u00e0 data de checkout.<\/p>\n<\/div>\n\t\t<\/div><\/section><section class=\"widget text-4 widget_text\"><div class=\"widget-inner\"><h3 class=\"widget-title\">Suplementos Extras Dispon\u00edveis<\/h3>\t\t\t<div class=\"textwidget\"><p>Suplementos de meia pens\u00e3o e pequeno almo\u00e7o est\u00e3o dispon\u00edveis no check-out da reserva.<br \/>\nO suplemento de meia pens\u00e3o consiste em pequeno-almo\u00e7o e jantar.<br \/>\nQuando o suplemento de meia pens\u00e3o ou pequeno-almo\u00e7o para adultos \u00e9 adicionado \u00e0 reserva, esse suplemento \u00e9 gratuito para crian\u00e7as at\u00e9 aos 4 anos de idade.<br \/>\nCrian\u00e7as at\u00e9 12 anos pagam metade do pre\u00e7o de adulto (50% de desconto).<\/p>\n<\/div>\n\t\t<\/div><\/section>\n\t\t\t\t<section class=\"widget widget-th-payments\">\n\t\t\t<div class=\"widget-inner\">\n\t\t\t\t\t\t\t\t\t<h3 class=\"widget-title\">Pagamentos Aceites<\/h3>\n\t\t\t\t\t\t\t\t<div class=\"th-payments-widget\">\n\t\t\t\t\t<a target=_blank href='https:\/\/visa.com'><span class='th-payment-no-img'>Visa<\/span><\/a><a target=_blank href='https:\/\/mastercard.com'><span class='th-payment-no-img'>MasterCard<\/span><\/a>\t\t\t\t<\/div>\n\t\t\t<\/div>\n\t\t<\/section>\n\n\t\t\t\t<\/div>\n\t\t\t\t<\/div>\n\t\t<\/div><!-- Themovaiton Sidebar Wrap after -->\t\t\t\t<\/div>\n\t\t\t\t\t<\/div>\n\t\t<\/div>\n\t\t\t\t\t\t\t\t<\/div>\n\t\t\t\t\t<\/div>\n\t\t<\/section>\n\t\t\t\t\t\t<\/div>\n\t\t\t\t\t<\/div>\n\t\t<\/div>\n\t\t\t\t\t\t\t\t<\/div>\n\t\t\t\t\t<\/div>\n\t\t<\/section>\n\t\t\t\t\t\t\t\t\t<\/div>\n\t\t\t<\/div>\n\t\t\t\t\t<\/div>\n\t\t","protected":false},"excerpt":{"rendered":"<p>Pesquisa de Disponibilidade<\/p>\n","protected":false},"author":1,"featured_media":0,"parent":0,"menu_order":13,"comment_status":"closed","ping_status":"closed","template":"","meta":[],"_links":{"self":[{"href":"https:\/\/alvorferias.com\/pt-pt\/wp-json\/wp\/v2\/pages\/1210"}],"collection":[{"href":"https:\/\/alvorferias.com\/pt-pt\/wp-json\/wp\/v2\/pages"}],"about":[{"href":"https:\/\/alvorferias.com\/pt-pt\/wp-json\/wp\/v2\/types\/page"}],"author":[{"embeddable":true,"href":"https:\/\/alvorferias.com\/pt-pt\/wp-json\/wp\/v2\/users\/1"}],"replies":[{"embeddable":true,"href":"https:\/\/alvorferias.com\/pt-pt\/wp-json\/wp\/v2\/comments?post=1210"}],"version-history":[{"count":5,"href":"https:\/\/alvorferias.com\/pt-pt\/wp-json\/wp\/v2\/pages\/1210\/revisions"}],"predecessor-version":[{"id":1691,"href":"https:\/\/alvorferias.com\/pt-pt\/wp-json\/wp\/v2\/pages\/1210\/revisions\/1691"}],"wp:attachment":[{"href":"https:\/\/alvorferias.com\/pt-pt\/wp-json\/wp\/v2\/media?parent=1210"}],"curies":[{"name":"wp","href":"https:\/\/api.w.org\/{rel}","templated":true}]}}