{"id":1212,"date":"2022-02-22T14:34:15","date_gmt":"2022-02-22T14:34:15","guid":{"rendered":"http:\/\/alvorferias.com\/booking-confirmation\/"},"modified":"2022-02-22T21:10:19","modified_gmt":"2022-02-22T21:10:19","slug":"alvorferias-confirmacao-de-reserva","status":"publish","type":"page","link":"https:\/\/alvorferias.com\/pt-pt\/alvorferias-confirmacao-de-reserva\/","title":{"rendered":"Alvorf\u00e9rias &#8211; Confirma\u00e7\u00e3o de Reserva"},"content":{"rendered":"\t\t<div data-elementor-type=\"wp-post\" data-elementor-id=\"1212\" class=\"elementor elementor-1212 elementor-960\">\n\t\t\t\t\t\t<div class=\"elementor-inner\">\n\t\t\t\t<div class=\"elementor-section-wrap\">\n\t\t\t\t\t\t\t\t\t<section class=\"elementor-section elementor-top-section elementor-element elementor-element-32527c89 elementor-section-height-min-height elementor-section-boxed elementor-section-height-default elementor-section-items-middle\" data-id=\"32527c89\" data-element_type=\"section\" data-settings=\"{&quot;background_background&quot;:&quot;classic&quot;}\">\n\t\t\t\t\t\t\t<div class=\"elementor-background-overlay\"><\/div>\n\t\t\t\t\t\t\t<div class=\"elementor-container elementor-column-gap-default\">\n\t\t\t\t\t\t\t<div class=\"elementor-row\">\n\t\t\t\t\t<div class=\"elementor-column elementor-col-100 elementor-top-column elementor-element elementor-element-2dbca1ae\" data-id=\"2dbca1ae\" data-element_type=\"column\">\n\t\t\t<div class=\"elementor-column-wrap elementor-element-populated\">\n\t\t\t\t\t\t\t<div class=\"elementor-widget-wrap\">\n\t\t\t\t\t\t<div class=\"elementor-element elementor-element-58098c0a elementor-widget elementor-widget-spacer\" data-id=\"58098c0a\" data-element_type=\"widget\" data-widget_type=\"spacer.default\">\n\t\t\t\t<div class=\"elementor-widget-container\">\n\t\t\t\t\t<div class=\"elementor-spacer\">\n\t\t\t<div class=\"elementor-spacer-inner\"><\/div>\n\t\t<\/div>\n\t\t\t\t<\/div>\n\t\t\t\t<\/div>\n\t\t\t\t<div class=\"elementor-element elementor-element-2fbc3201 elementor-view-default elementor-position-top elementor-widget elementor-widget-themo-header\" data-id=\"2fbc3201\" data-element_type=\"widget\" data-widget_type=\"themo-header.default\">\n\t\t\t\t<div class=\"elementor-widget-container\">\n\t\t\t\t\t<div class=\"th-header-wrap\">\n        <div class=\"elementor-icon-box-wrapper \">\n                            <div class=\"elementor-icon-box-content\">\n                    <h1 class=\"elementor-icon-box-title\">\n                        Confirma\u00e7\u00e3o de Reserva                    <\/h1>\n                                        <p class=\"elementor-icon-box-description\"><\/p>\n\n                                    <\/div>\n            <\/div>\n\n        <\/div>\n\n\t\t\t\t<\/div>\n\t\t\t\t<\/div>\n\t\t\t\t\t\t<\/div>\n\t\t\t\t\t<\/div>\n\t\t<\/div>\n\t\t\t\t\t\t\t\t<\/div>\n\t\t\t\t\t<\/div>\n\t\t<\/section>\n\t\t\t\t<section class=\"elementor-section elementor-top-section elementor-element elementor-element-1aa8efa1 elementor-section-boxed elementor-section-height-default elementor-section-height-default\" data-id=\"1aa8efa1\" data-element_type=\"section\" data-settings=\"{&quot;background_background&quot;:&quot;classic&quot;}\">\n\t\t\t\t\t\t<div class=\"elementor-container elementor-column-gap-no\">\n\t\t\t\t\t\t\t<div class=\"elementor-row\">\n\t\t\t\t\t<div class=\"elementor-column elementor-col-66 elementor-top-column elementor-element elementor-element-7d7f7996\" data-id=\"7d7f7996\" data-element_type=\"column\" data-settings=\"{&quot;background_background&quot;:&quot;classic&quot;}\">\n\t\t\t<div class=\"elementor-column-wrap elementor-element-populated\">\n\t\t\t\t\t\t\t<div class=\"elementor-widget-wrap\">\n\t\t\t\t\t\t<div class=\"elementor-element elementor-element-35a77350 elementor-widget elementor-widget-themo-mphb-checkout-form\" data-id=\"35a77350\" data-element_type=\"widget\" data-widget_type=\"themo-mphb-checkout-form.default\">\n\t\t\t\t<div class=\"elementor-widget-container\">\n\t\t\t            <div class=\"th-fo-form th-form-stacked  th-btn-form btn-standard-primary-form\"><div class=\"mphb_sc_checkout-wrapper frm_forms with_frm_style \"><\/div><\/div>\n            \t\t<\/div>\n\t\t\t\t<\/div>\n\t\t\t\t\t\t<\/div>\n\t\t\t\t\t<\/div>\n\t\t<\/div>\n\t\t\t\t<div class=\"elementor-column elementor-col-33 elementor-top-column elementor-element elementor-element-58fed9b\" data-id=\"58fed9b\" data-element_type=\"column\" data-settings=\"{&quot;background_background&quot;:&quot;classic&quot;}\">\n\t\t\t<div class=\"elementor-column-wrap elementor-element-populated\">\n\t\t\t\t\t\t\t<div class=\"elementor-widget-wrap\">\n\t\t\t\t\t\t<section class=\"elementor-section elementor-inner-section elementor-element elementor-element-3b31ff28 elementor-section-full_width elementor-section-height-default elementor-section-height-default\" data-id=\"3b31ff28\" data-element_type=\"section\" data-settings=\"{&quot;background_background&quot;:&quot;classic&quot;}\">\n\t\t\t\t\t\t<div class=\"elementor-container elementor-column-gap-no\">\n\t\t\t\t\t\t\t<div class=\"elementor-row\">\n\t\t\t\t\t<div class=\"elementor-column elementor-col-100 elementor-inner-column elementor-element elementor-element-7c44048e\" data-id=\"7c44048e\" data-element_type=\"column\" data-settings=\"{&quot;background_background&quot;:&quot;classic&quot;}\">\n\t\t\t<div class=\"elementor-column-wrap elementor-element-populated\">\n\t\t\t\t\t\t\t<div class=\"elementor-widget-wrap\">\n\t\t\t\t<!-- Themovaiton Sidebar Wrap before --><div class=\"sidebar th-widget-area th-sidebar-widget\">\t\t<div class=\"elementor-element elementor-element-6df6f481 elementor-widget elementor-widget-sidebar\" data-id=\"6df6f481\" data-element_type=\"widget\" data-widget_type=\"sidebar.default\">\n\t\t\t\t<div class=\"elementor-widget-container\">\n\t\t\t\n\t\t\t\t<section class=\"widget widget-th-contact-info\">\n\t\t\t<div class=\"widget-inner\">\n\t\t\t\t\t\t\t\t\t<h3 class=\"widget-title\">Quest\u00f5es Sobre Reservas?<\/h3>\n\t\t\t\t\t\t\t\t<div class=\"th-contact-info-widget\">\n\t\t\t\t\t<div class='icon-blocks'><div class=\"icon-block\"><p><a target='_blank' href='tel:00351282430360'><i class='fa fa-mobile'><\/i><span>(+351) 282 430 360 (national landline call)<\/span><\/a><\/p><\/div><div class=\"icon-block\"><p><a target='_blank' href='mailto:info@alvorferias.com'><i class='fa fa-envelope-open-o'><\/i><span>info@alvorferias.com<\/span><\/a><\/p><\/div><div class=\"icon-block\"><p><a  href='https:\/\/goo.gl\/maps\/4gAkSHve1kWM1scQ6'><i class='fa fa-map-o'><\/i><span>Google Maps Link<\/span><\/a><\/p><\/div><\/div>\t\t\t\t<\/div>\n\t\t\t<\/div>\n\t\t<\/section>\n\n\t\t<section class=\"widget text-7 widget_text\"><div class=\"widget-inner\"><h3 class=\"widget-title\">Limite de Idade das Crian\u00e7as<\/h3>\t\t\t<div class=\"textwidget\"><p>\u00c9 considerada crian\u00e7a, a pessoa que tiver at\u00e9 12 anos (inclusiv\u00e9), at\u00e9 \u00e0 data de checkout.<\/p>\n<\/div>\n\t\t<\/div><\/section><section class=\"widget text-4 widget_text\"><div class=\"widget-inner\"><h3 class=\"widget-title\">Suplementos Extras Dispon\u00edveis<\/h3>\t\t\t<div class=\"textwidget\"><p>Suplementos de meia pens\u00e3o e pequeno almo\u00e7o est\u00e3o dispon\u00edveis no check-out da reserva.<br \/>\nO suplemento de meia pens\u00e3o consiste em pequeno-almo\u00e7o e jantar.<br \/>\nQuando o suplemento de meia pens\u00e3o ou pequeno-almo\u00e7o para adultos \u00e9 adicionado \u00e0 reserva, esse suplemento \u00e9 gratuito para crian\u00e7as at\u00e9 aos 4 anos de idade.<br \/>\nCrian\u00e7as at\u00e9 12 anos pagam metade do pre\u00e7o de adulto (50% de desconto).<\/p>\n<\/div>\n\t\t<\/div><\/section>\n\t\t\t\t<section class=\"widget widget-th-payments\">\n\t\t\t<div class=\"widget-inner\">\n\t\t\t\t\t\t\t\t\t<h3 class=\"widget-title\">Pagamentos Aceites<\/h3>\n\t\t\t\t\t\t\t\t<div class=\"th-payments-widget\">\n\t\t\t\t\t<a target=_blank href='https:\/\/visa.com'><span class='th-payment-no-img'>Visa<\/span><\/a><a target=_blank href='https:\/\/mastercard.com'><span class='th-payment-no-img'>MasterCard<\/span><\/a>\t\t\t\t<\/div>\n\t\t\t<\/div>\n\t\t<\/section>\n\n\t\t\t\t<\/div>\n\t\t\t\t<\/div>\n\t\t<\/div><!-- Themovaiton Sidebar Wrap after -->\t\t\t\t<\/div>\n\t\t\t\t\t<\/div>\n\t\t<\/div>\n\t\t\t\t\t\t\t\t<\/div>\n\t\t\t\t\t<\/div>\n\t\t<\/section>\n\t\t\t\t\t\t<\/div>\n\t\t\t\t\t<\/div>\n\t\t<\/div>\n\t\t\t\t\t\t\t\t<\/div>\n\t\t\t\t\t<\/div>\n\t\t<\/section>\n\t\t\t\t\t\t\t\t\t<\/div>\n\t\t\t<\/div>\n\t\t\t\t\t<\/div>\n\t\t","protected":false},"excerpt":{"rendered":"<p>Confirma\u00e7\u00e3o de Reserva<\/p>\n","protected":false},"author":1,"featured_media":0,"parent":0,"menu_order":14,"comment_status":"closed","ping_status":"closed","template":"","meta":[],"_links":{"self":[{"href":"https:\/\/alvorferias.com\/pt-pt\/wp-json\/wp\/v2\/pages\/1212"}],"collection":[{"href":"https:\/\/alvorferias.com\/pt-pt\/wp-json\/wp\/v2\/pages"}],"about":[{"href":"https:\/\/alvorferias.com\/pt-pt\/wp-json\/wp\/v2\/types\/page"}],"author":[{"embeddable":true,"href":"https:\/\/alvorferias.com\/pt-pt\/wp-json\/wp\/v2\/users\/1"}],"replies":[{"embeddable":true,"href":"https:\/\/alvorferias.com\/pt-pt\/wp-json\/wp\/v2\/comments?post=1212"}],"version-history":[{"count":2,"href":"https:\/\/alvorferias.com\/pt-pt\/wp-json\/wp\/v2\/pages\/1212\/revisions"}],"predecessor-version":[{"id":1258,"href":"https:\/\/alvorferias.com\/pt-pt\/wp-json\/wp\/v2\/pages\/1212\/revisions\/1258"}],"wp:attachment":[{"href":"https:\/\/alvorferias.com\/pt-pt\/wp-json\/wp\/v2\/media?parent=1212"}],"curies":[{"name":"wp","href":"https:\/\/api.w.org\/{rel}","templated":true}]}}